{"id":1797,"date":"2011-07-14T19:45:29","date_gmt":"2011-07-14T19:45:29","guid":{"rendered":"http:\/\/192.168.9.29\/Development\/TB\/?page_id=5"},"modified":"2025-05-13T14:45:59","modified_gmt":"2025-05-13T12:45:59","slug":"about","status":"publish","type":"page","link":"https:\/\/www.icbeltrami.edu.it\/retemontessori\/?page_id=1797","title":{"rendered":"Chi siamo"},"content":{"rendered":"\n<div class=\"wp-block-media-text is-stacked-on-mobile is-vertically-aligned-top\" style=\"grid-template-columns:30% auto\"><figure class=\"wp-block-media-text__media\"><img loading=\"lazy\" decoding=\"async\" width=\"961\" height=\"1024\" src=\"https:\/\/www.icbeltrami.edu.it\/retemontessori\/wp-content\/uploads\/2025\/05\/aderenti-1-961x1024.jpg\" alt=\"\" class=\"wp-image-2532 size-full\" srcset=\"https:\/\/www.icbeltrami.edu.it\/retemontessori\/wp-content\/uploads\/2025\/05\/aderenti-1-961x1024.jpg 961w, https:\/\/www.icbeltrami.edu.it\/retemontessori\/wp-content\/uploads\/2025\/05\/aderenti-1-282x300.jpg 282w, https:\/\/www.icbeltrami.edu.it\/retemontessori\/wp-content\/uploads\/2025\/05\/aderenti-1-768x818.jpg 768w, https:\/\/www.icbeltrami.edu.it\/retemontessori\/wp-content\/uploads\/2025\/05\/aderenti-1.jpg 1280w\" sizes=\"auto, (max-width: 961px) 100vw, 961px\" \/><\/figure><div class=\"wp-block-media-text__content\">\n<h3><strong>LA RETE MONTESSORI - RE.MO.<\/strong><\/h3>\n\n\n\n<p>Re.Mo. , acronimo di Rete Montessori, nasce nel 2013 per iniziativa dell\u2019IC Beltrami di Omegna, tuttora scuola capofila, per supportare e mettere in coordinamento il lavoro delle insegnanti di sette scuole delle province di Verbania e Novara che stavano introducendo quell\u2019anno le prime esperienze di scuola pubblica con un indirizzo metodologico montessoriano.<\/p>\n\n\n\n<p>Tutte queste scuole avevano avviato la loro esperienza montessoriana secondo quanto garantito dall\u2019autonomia scolastica che assegna a ciascuna istituzione scolastica la facolt\u00e0 di definire il PTOF sulla base di diverse opzioni metodologiche organizzative e didattiche. In particolare L\u2019art. 21, comma 9 della Legge 15 marzo 1997 n. 59&nbsp; indica che \u201cL\u2019autonomia didattica \u00e8 finalizzata al perseguimento degli obiettivi generali del sistema nazionale di istruzione, nel rispetto della libert\u00e0 di insegnamento, della libert\u00e0 di scelta educativa da parte delle famiglie e del diritto ad apprendere. Essa si sostanzia nella scelta libera e programmata di metodologie, strumenti, organizzazione e tempi di insegnamento, da adottare nel rispetto della possibile pluralit\u00e0 di opzioni metodologiche, e in ogni iniziativa che sia espressione di libert\u00e0 progettuale, compresa l'eventuale offerta di insegnamenti opzionali, facoltativi o aggiuntivi e nel rispetto delle esigenze formative degli studenti.\u201d<\/p>\n\n\n\n<p>Il comma 10 della medesima legge attribuisce poi alle singole istituzioni scolastiche autonome \u201canche autonomia di ricerca, sperimentazione e sviluppo nei limiti del proficuo esercizio dell\u2019autonomia didattica ed organizzativa \u201c.&nbsp;<\/p>\n\n\n\n<p>Il Regolamento, di cui al D.P.R. n.275 dell\u20198 marzo 1999, afferma inoltre all\u2019art.6 che:<\/p>\n\n\n\n<p>\u201cle istituzioni scolastiche, singolarmente o tra loro associate, esercitano l\u2019autonomia di ricerca, sperimentazione e sviluppo tenendo conto delle esigenze del contesto culturale, sociale ed economico delle realt\u00e0 locali e curando tra l\u2019altro:&nbsp;<\/p>\n\n\n\n<p>\u2022 la progettazione formativa&nbsp;<\/p>\n\n\n\n<p>\u2022 la ricerca valutativa&nbsp;<\/p>\n\n\n\n<p>\u2022 la formazione e l\u2019aggiornamento&nbsp;<\/p>\n\n\n\n<p>\u2022 l\u2019innovazione metodologica e disciplinare&nbsp;<\/p>\n\n\n\n<p>\u2022 la ricerca didattica connessa con le tecnologie dell\u2019informazione e della comunicazione&nbsp;<\/p>\n\n\n\n<p>\u2022 la documentazione, gli scambi, l\u2019integrazione tra i sistemi formativi.<\/p>\n\n\n\n<p>La Rete, inizialmente denominata come Rete Scuole Montessori dell\u2019alto Piemonte si \u00e8 nel tempo ampliata arrivando ad oggi, dopo 10 anni dalla sua costituzione, a contare 29 adesioni di altrettante Istituzioni Scolastiche, con un numero di circa 100 insegnanti e oltre 1000 bambini e famiglie coinvolti nei percorsi di scuola dell\u2019infanzia e primaria offerti dalle scuole di Re.Mo.<\/p>\n\n\n\n<p>Nei primi anni la Rete, pi\u00f9 circoscritta territorialmente, era organizzata attraverso incontri in presenza con le insegnanti delle scuole aderenti per uno scambio di pratiche, materiali e la definizione di documentazione condivisa per il patto educativo, la valutazione, la presentazione dell\u2019offerta formativa ai genitori. Oggi, considerati i numeri elevati, sono stati attivati 4 gruppi di lavoro per ogni ordine di scuola che attraverso incontri on line si occupano di progettare le attivit\u00e0 formative, di lavorare sui curricoli montessoriani, di individuare coerenti strumenti di monitoraggio degli apprendimenti e di curare la diffusione dentro e fuori dalla Rete di risorse, materiali, informazioni. Almeno una volta all\u2019anno le insegnanti si riuniscono in presenza per una giornata di studio e lavoro in plenaria.<\/p>\n\n\n\n<p>L\u2019assemblea dei Dirigenti Scolastici indirizza il lavoro e delibera sul funzionamento della Rete, coordinata dal punto di vista operativo da una figura di riferimento individuata ad oggi nella persona della docente Coluccelli Sonia.<\/p>\n<\/div><\/div>\n\n\n\n<p><strong>Come fare per iscriversi:<\/strong><\/p>\n\n\n\n<p><strong>Se desiderate avere ulteriori informazioni e\/o iscrivervi alla Rete Montessori scrivete a :&nbsp;&nbsp;<\/strong><a href=\"mailto:organizzazione.remo@icbeltrami.edu.it\" target=\"_blank\" rel=\"noreferrer noopener\">organizzazione.remo@icbeltrami.edu.it<\/a>&nbsp;&nbsp;<\/p>\n\n\n\n<p><\/p>\n","protected":false},"excerpt":{"rendered":"<p>LA RETE MONTESSORI - RE.MO. Re.Mo. , acronimo di Rete Montessori, nasce nel 2013 per iniziativa dell\u2019IC Beltrami di Omegna, tuttora scuola capofila, per supportare e mettere in coordinamento il lavoro delle insegnanti di sette scuole delle province di Verbania e Novara che stavano introducendo quell\u2019anno le prime esperienze di scuola pubblica con un indirizzo metodologico montessoriano. Tutte queste scuole&nbsp;<a href=\"https:\/\/www.icbeltrami.edu.it\/retemontessori\/?page_id=1797\" class=\"read-more\">Continue Reading<\/a><\/p>\n","protected":false},"author":1,"featured_media":0,"parent":0,"menu_order":1,"comment_status":"open","ping_status":"open","template":"page-fullwidth.php","meta":{"footnotes":""},"class_list":["post-1797","page","type-page","status-publish","hentry"],"_links":{"self":[{"href":"https:\/\/www.icbeltrami.edu.it\/retemontessori\/index.php?rest_route=\/wp\/v2\/pages\/1797","targetHints":{"allow":["GET"]}}],"collection":[{"href":"https:\/\/www.icbeltrami.edu.it\/retemontessori\/index.php?rest_route=\/wp\/v2\/pages"}],"about":[{"href":"https:\/\/www.icbeltrami.edu.it\/retemontessori\/index.php?rest_route=\/wp\/v2\/types\/page"}],"author":[{"embeddable":true,"href":"https:\/\/www.icbeltrami.edu.it\/retemontessori\/index.php?rest_route=\/wp\/v2\/users\/1"}],"replies":[{"embeddable":true,"href":"https:\/\/www.icbeltrami.edu.it\/retemontessori\/index.php?rest_route=%2Fwp%2Fv2%2Fcomments&post=1797"}],"version-history":[{"count":14,"href":"https:\/\/www.icbeltrami.edu.it\/retemontessori\/index.php?rest_route=\/wp\/v2\/pages\/1797\/revisions"}],"predecessor-version":[{"id":2539,"href":"https:\/\/www.icbeltrami.edu.it\/retemontessori\/index.php?rest_route=\/wp\/v2\/pages\/1797\/revisions\/2539"}],"wp:attachment":[{"href":"https:\/\/www.icbeltrami.edu.it\/retemontessori\/index.php?rest_route=%2Fwp%2Fv2%2Fmedia&parent=1797"}],"curies":[{"name":"wp","href":"https:\/\/api.w.org\/{rel}","templated":true}]}}